{"id":8014,"date":"2025-01-14T16:14:53","date_gmt":"2025-01-14T16:14:53","guid":{"rendered":"https:\/\/saladeprova.com\/produto\/quinta-do-soalheiro-primeiras-vinhas\/"},"modified":"2025-04-01T11:54:01","modified_gmt":"2025-04-01T11:54:01","slug":"quinta-do-soalheiro-primeiras-vinhas","status":"publish","type":"product","link":"https:\/\/saladeprova.com\/en\/produto\/quinta-do-soalheiro-primeiras-vinhas\/","title":{"rendered":"QUINTA DO SOALHEIRO PRIMEIRAS VINHAS"},"content":{"rendered":"<p style=\"text-align: left;\"><span style=\"font-size: 10pt;\"><strong>TYPE <\/strong><\/span><\/p>\n<p style=\"text-align: left;\"><span style=\"font-size: 10pt;\"> White<\/span><\/p>\n<p style=\"text-align: left;\">_______________________________________________________________________________________________________________<\/p>\n<p style=\"text-align: left;\"><span style=\"font-size: 10pt;\"><strong>REGION<\/strong>  <\/span><\/p>\n<p style=\"text-align: left;\"><span style=\"font-size: 10pt;\">Green Wines<\/span><\/p>\n<p style=\"text-align: left;\">_______________________________________________________________________________________________________________<\/p>\n<p style=\"text-align: left;\"><span style=\"font-size: 10pt;\"><strong>VARIETIES<\/strong>  <\/span><\/p>\n<p style=\"text-align: left;\"><span style=\"font-size: 10pt;\">Alvarinho<\/span><\/p>\n<p style=\"text-align: left;\">_______________________________________________________________________________________________________________<\/p>\n<p style=\"text-align: left;\"><span style=\"font-size: 10pt;\"><strong>HARVEST<\/strong>  <\/span><\/p>\n<p style=\"text-align: left;\"><span style=\"font-size: 10pt;\">2021<\/span><\/p>\n<p style=\"text-align: left;\">_______________________________________________________________________________________________________________<\/p>\n<p style=\"text-align: left;\"><span style=\"font-size: 10pt;\"><strong>BOTTLE SIZE<\/strong>  <\/span><\/p>\n<p style=\"text-align: left;\"><span style=\"font-size: 10pt;\">750mL<\/span><\/p>\n<p style=\"text-align: left;\">_______________________________________________________________________________________________________________<\/p>\n<p style=\"text-align: left;\"><span style=\"font-size: 10pt;\"><strong>ALCOHOLIC CONTENT<\/strong> <\/span><\/p>\n<p style=\"text-align: left;\"><span style=\"font-size: 10pt;\">12%VOL<\/span><\/p>\n<p style=\"text-align: left;\">_______________________________________________________________________________________________________________<\/p>\n<p style=\"text-align: left;\"><span style=\"font-size: 10pt;\"><strong>WINEMAKING<\/strong>  <\/span><\/p>\n<p style=\"text-align: left;\"><span style=\"font-size: 10pt;\">Ant\u00f3nio Lu\u00eds Cerdeira e Maria Jo\u00e3o Cerdeira<\/span><\/p>\n<p style=\"text-align: left;\">_______________________________________________________________________________________________________________<\/p>\n<p style=\"text-align: left;\"><span style=\"font-size: 10pt;\"><strong>VINIFICATION<\/strong><\/span><\/p>\n<p style=\"text-align: left;\"><span style=\"font-size: 10pt;\">The grapes, exclusively of the Alvarinho variety, are harvested by hand in small boxes and transported to the winery in a short space of time.<\/span><br \/>\n<span style=\"font-size: 10pt;\">After pressing, the obtained must decants for 48 hours, followed by fermentation at a controlled temperature. Fermentation essentially takes place in stainless steel (around 15% of the total volume is fermented in used oak casks), with the fine lees remaining until the beginning of May, when bottling takes place. In this harvest, we also included Alvarinho in the blend, which was aged in large oak barrels.<\/span><\/p>\n<p style=\"text-align: left;\">_______________________________________________________________________________________________________________<\/p>\n<p style=\"text-align: left;\"><span style=\"font-size: 10pt;\"><strong>FOOD PAIRING<\/strong><\/span><\/p>\n<p style=\"text-align: left;\"><span style=\"font-size: 10pt;\">Ideal as an aperitif or to accompany seafood, fish or poultry dishes.<\/span><\/p>\n","protected":false},"excerpt":{"rendered":"<p><span style=\"font-weight: 400; font-size: 8pt;\">Prices include VAT.<\/span><\/p>\n<p><span style=\"font-size: 12pt;\">Citrus yellow in color, with an elegant and full aroma that grows in the glass, becoming more and more persistent. The taste is full-bodied, fresh and with great complexity.<\/span><\/p>\n","protected":false},"featured_media":0,"comment_status":"closed","ping_status":"closed","template":"","meta":[],"product_brand":[],"product_cat":[139,165],"product_tag":[155],"class_list":{"0":"post-8014","1":"product","2":"type-product","3":"status-publish","5":"product_cat-green-wine-region","6":"product_cat-white-en-2","7":"product_tag-white","9":"first","10":"instock","11":"shipping-taxable","12":"purchasable","13":"product-type-simple"},"yoast_head":"<!-- This site is optimized with the Yoast SEO plugin v25.7 - https:\/\/yoast.com\/wordpress\/plugins\/seo\/ -->\n<title>QUINTA DO SOALHEIRO PRIMEIRAS VINHAS - Sala de Prova<\/title>\n<meta name=\"robots\" content=\"index, follow, max-snippet:-1, max-image-preview:large, max-video-preview:-1\" \/>\n<link rel=\"canonical\" href=\"https:\/\/saladeprova.com\/en\/produto\/quinta-do-soalheiro-primeiras-vinhas\/\" \/>\n<meta property=\"og:locale\" content=\"en_US\" \/>\n<meta property=\"og:type\" content=\"article\" \/>\n<meta property=\"og:title\" content=\"QUINTA DO SOALHEIRO PRIMEIRAS VINHAS - Sala de Prova\" \/>\n<meta property=\"og:description\" content=\"Prices include VAT. Citrus yellow in color, with an elegant and full aroma that grows in the glass, becoming more and more persistent. The taste is full-bodied, fresh and with great complexity.\" \/>\n<meta property=\"og:url\" content=\"https:\/\/saladeprova.com\/en\/produto\/quinta-do-soalheiro-primeiras-vinhas\/\" \/>\n<meta property=\"og:site_name\" content=\"Sala de Prova\" \/>\n<meta property=\"article:publisher\" content=\"https:\/\/www.facebook.com\/people\/Sala-de-Prova\/61559155569950\/?locale=pt_PT\" \/>\n<meta property=\"article:modified_time\" content=\"2025-04-01T11:54:01+00:00\" \/>\n<meta property=\"og:image\" content=\"https:\/\/saladeprova.com\/wp-content\/uploads\/2025\/02\/soalheiro.jpg\" \/>\n\t<meta property=\"og:image:width\" content=\"1000\" \/>\n\t<meta property=\"og:image:height\" content=\"1000\" \/>\n\t<meta property=\"og:image:type\" content=\"image\/jpeg\" \/>\n<meta name=\"twitter:card\" content=\"summary_large_image\" \/>\n<meta name=\"twitter:label1\" content=\"Est. reading time\" \/>\n\t<meta name=\"twitter:data1\" content=\"1 minute\" \/>\n<script type=\"application\/ld+json\" class=\"yoast-schema-graph\">{\"@context\":\"https:\/\/schema.org\",\"@graph\":[{\"@type\":\"WebPage\",\"@id\":\"https:\/\/saladeprova.com\/en\/produto\/quinta-do-soalheiro-primeiras-vinhas\/\",\"url\":\"https:\/\/saladeprova.com\/en\/produto\/quinta-do-soalheiro-primeiras-vinhas\/\",\"name\":\"QUINTA DO SOALHEIRO PRIMEIRAS VINHAS - Sala de Prova\",\"isPartOf\":{\"@id\":\"https:\/\/saladeprova.com\/en\/#website\"},\"datePublished\":\"2025-01-14T16:14:53+00:00\",\"dateModified\":\"2025-04-01T11:54:01+00:00\",\"breadcrumb\":{\"@id\":\"https:\/\/saladeprova.com\/en\/produto\/quinta-do-soalheiro-primeiras-vinhas\/#breadcrumb\"},\"inLanguage\":\"en-US\",\"potentialAction\":[{\"@type\":\"ReadAction\",\"target\":[\"https:\/\/saladeprova.com\/en\/produto\/quinta-do-soalheiro-primeiras-vinhas\/\"]}]},{\"@type\":\"BreadcrumbList\",\"@id\":\"https:\/\/saladeprova.com\/en\/produto\/quinta-do-soalheiro-primeiras-vinhas\/#breadcrumb\",\"itemListElement\":[{\"@type\":\"ListItem\",\"position\":1,\"name\":\"In\u00edcio\",\"item\":\"https:\/\/saladeprova.com\/en\/\"},{\"@type\":\"ListItem\",\"position\":2,\"name\":\"Shop\",\"item\":\"https:\/\/saladeprova.com\/en\/shop\/\"},{\"@type\":\"ListItem\",\"position\":3,\"name\":\"QUINTA DO SOALHEIRO PRIMEIRAS VINHAS\"}]},{\"@type\":\"WebSite\",\"@id\":\"https:\/\/saladeprova.com\/en\/#website\",\"url\":\"https:\/\/saladeprova.com\/en\/\",\"name\":\"Sala de Prova\",\"description\":\"Curated Selection of Premium Douro and Porto Wines\",\"publisher\":{\"@id\":\"https:\/\/saladeprova.com\/en\/#organization\"},\"potentialAction\":[{\"@type\":\"SearchAction\",\"target\":{\"@type\":\"EntryPoint\",\"urlTemplate\":\"https:\/\/saladeprova.com\/en\/?s={search_term_string}\"},\"query-input\":{\"@type\":\"PropertyValueSpecification\",\"valueRequired\":true,\"valueName\":\"search_term_string\"}}],\"inLanguage\":\"en-US\"},{\"@type\":\"Organization\",\"@id\":\"https:\/\/saladeprova.com\/en\/#organization\",\"name\":\"Sala de Prova\",\"url\":\"https:\/\/saladeprova.com\/en\/\",\"logo\":{\"@type\":\"ImageObject\",\"inLanguage\":\"en-US\",\"@id\":\"https:\/\/saladeprova.com\/en\/#\/schema\/logo\/image\/\",\"url\":\"https:\/\/saladeprova.com\/wp-content\/uploads\/2024\/04\/sala-p_100-1.svg\",\"contentUrl\":\"https:\/\/saladeprova.com\/wp-content\/uploads\/2024\/04\/sala-p_100-1.svg\",\"width\":1,\"height\":1,\"caption\":\"Sala de Prova\"},\"image\":{\"@id\":\"https:\/\/saladeprova.com\/en\/#\/schema\/logo\/image\/\"},\"sameAs\":[\"https:\/\/www.facebook.com\/people\/Sala-de-Prova\/61559155569950\/?locale=pt_PT\",\"https:\/\/www.instagram.com\/sala_de_prova\/\"]}]}<\/script>\n<!-- \/ Yoast SEO plugin. -->","yoast_head_json":{"title":"QUINTA DO SOALHEIRO PRIMEIRAS VINHAS - Sala de Prova","robots":{"index":"index","follow":"follow","max-snippet":"max-snippet:-1","max-image-preview":"max-image-preview:large","max-video-preview":"max-video-preview:-1"},"canonical":"https:\/\/saladeprova.com\/en\/produto\/quinta-do-soalheiro-primeiras-vinhas\/","og_locale":"en_US","og_type":"article","og_title":"QUINTA DO SOALHEIRO PRIMEIRAS VINHAS - Sala de Prova","og_description":"Prices include VAT. Citrus yellow in color, with an elegant and full aroma that grows in the glass, becoming more and more persistent. The taste is full-bodied, fresh and with great complexity.","og_url":"https:\/\/saladeprova.com\/en\/produto\/quinta-do-soalheiro-primeiras-vinhas\/","og_site_name":"Sala de Prova","article_publisher":"https:\/\/www.facebook.com\/people\/Sala-de-Prova\/61559155569950\/?locale=pt_PT","article_modified_time":"2025-04-01T11:54:01+00:00","og_image":[{"width":1000,"height":1000,"url":"https:\/\/saladeprova.com\/wp-content\/uploads\/2025\/02\/soalheiro.jpg","type":"image\/jpeg"}],"twitter_card":"summary_large_image","twitter_misc":{"Est. reading time":"1 minute"},"schema":{"@context":"https:\/\/schema.org","@graph":[{"@type":"WebPage","@id":"https:\/\/saladeprova.com\/en\/produto\/quinta-do-soalheiro-primeiras-vinhas\/","url":"https:\/\/saladeprova.com\/en\/produto\/quinta-do-soalheiro-primeiras-vinhas\/","name":"QUINTA DO SOALHEIRO PRIMEIRAS VINHAS - Sala de Prova","isPartOf":{"@id":"https:\/\/saladeprova.com\/en\/#website"},"datePublished":"2025-01-14T16:14:53+00:00","dateModified":"2025-04-01T11:54:01+00:00","breadcrumb":{"@id":"https:\/\/saladeprova.com\/en\/produto\/quinta-do-soalheiro-primeiras-vinhas\/#breadcrumb"},"inLanguage":"en-US","potentialAction":[{"@type":"ReadAction","target":["https:\/\/saladeprova.com\/en\/produto\/quinta-do-soalheiro-primeiras-vinhas\/"]}]},{"@type":"BreadcrumbList","@id":"https:\/\/saladeprova.com\/en\/produto\/quinta-do-soalheiro-primeiras-vinhas\/#breadcrumb","itemListElement":[{"@type":"ListItem","position":1,"name":"In\u00edcio","item":"https:\/\/saladeprova.com\/en\/"},{"@type":"ListItem","position":2,"name":"Shop","item":"https:\/\/saladeprova.com\/en\/shop\/"},{"@type":"ListItem","position":3,"name":"QUINTA DO SOALHEIRO PRIMEIRAS VINHAS"}]},{"@type":"WebSite","@id":"https:\/\/saladeprova.com\/en\/#website","url":"https:\/\/saladeprova.com\/en\/","name":"Sala de Prova","description":"Curated Selection of Premium Douro and Porto Wines","publisher":{"@id":"https:\/\/saladeprova.com\/en\/#organization"},"potentialAction":[{"@type":"SearchAction","target":{"@type":"EntryPoint","urlTemplate":"https:\/\/saladeprova.com\/en\/?s={search_term_string}"},"query-input":{"@type":"PropertyValueSpecification","valueRequired":true,"valueName":"search_term_string"}}],"inLanguage":"en-US"},{"@type":"Organization","@id":"https:\/\/saladeprova.com\/en\/#organization","name":"Sala de Prova","url":"https:\/\/saladeprova.com\/en\/","logo":{"@type":"ImageObject","inLanguage":"en-US","@id":"https:\/\/saladeprova.com\/en\/#\/schema\/logo\/image\/","url":"https:\/\/saladeprova.com\/wp-content\/uploads\/2024\/04\/sala-p_100-1.svg","contentUrl":"https:\/\/saladeprova.com\/wp-content\/uploads\/2024\/04\/sala-p_100-1.svg","width":1,"height":1,"caption":"Sala de Prova"},"image":{"@id":"https:\/\/saladeprova.com\/en\/#\/schema\/logo\/image\/"},"sameAs":["https:\/\/www.facebook.com\/people\/Sala-de-Prova\/61559155569950\/?locale=pt_PT","https:\/\/www.instagram.com\/sala_de_prova\/"]}]}},"_links":{"self":[{"href":"https:\/\/saladeprova.com\/en\/wp-json\/wp\/v2\/product\/8014","targetHints":{"allow":["GET"]}}],"collection":[{"href":"https:\/\/saladeprova.com\/en\/wp-json\/wp\/v2\/product"}],"about":[{"href":"https:\/\/saladeprova.com\/en\/wp-json\/wp\/v2\/types\/product"}],"replies":[{"embeddable":true,"href":"https:\/\/saladeprova.com\/en\/wp-json\/wp\/v2\/comments?post=8014"}],"wp:attachment":[{"href":"https:\/\/saladeprova.com\/en\/wp-json\/wp\/v2\/media?parent=8014"}],"wp:term":[{"taxonomy":"product_brand","embeddable":true,"href":"https:\/\/saladeprova.com\/en\/wp-json\/wp\/v2\/product_brand?post=8014"},{"taxonomy":"product_cat","embeddable":true,"href":"https:\/\/saladeprova.com\/en\/wp-json\/wp\/v2\/product_cat?post=8014"},{"taxonomy":"product_tag","embeddable":true,"href":"https:\/\/saladeprova.com\/en\/wp-json\/wp\/v2\/product_tag?post=8014"}],"curies":[{"name":"wp","href":"https:\/\/api.w.org\/{rel}","templated":true}]}}