{"id":7993,"date":"2025-01-14T17:27:27","date_gmt":"2025-01-14T17:27:27","guid":{"rendered":"https:\/\/saladeprova.com\/produto\/d-antonia-10-years-old-white-port\/"},"modified":"2025-04-01T11:38:41","modified_gmt":"2025-04-01T11:38:41","slug":"d-antonia-10-years-old-white-port","status":"publish","type":"product","link":"https:\/\/saladeprova.com\/en\/produto\/d-antonia-10-years-old-white-port\/","title":{"rendered":"D. ANT\u00d3NIA 10 YEARS OLD WHITE PORT"},"content":{"rendered":"<p style=\"text-align: left;\"><span style=\"font-size: 10pt;\"><strong>TYPE <\/strong><\/span><\/p>\n<p style=\"text-align: left;\"><span style=\"font-size: 10pt;\">White Port Wine<\/span><\/p>\n<p style=\"text-align: left;\">_______________________________________________________________________________________________________________<\/p>\n<p style=\"text-align: left;\"><span style=\"font-size: 10pt;\"><strong>REGION<\/strong> <\/span><\/p>\n<p style=\"text-align: left;\"><span style=\"font-size: 10pt;\">DOC Porto<\/span><\/p>\n<p style=\"text-align: left;\">_______________________________________________________________________________________________________________<\/p>\n<p style=\"text-align: left;\"><span style=\"font-size: 10pt;\"><strong>VARIETIES<\/strong> <\/span><\/p>\n<p style=\"text-align: left;\"><span style=\"font-size: 10pt;\">Fine Malvasia, C\u00f3dega, Rabigato<\/span><\/p>\n<p style=\"text-align: left;\">_______________________________________________________________________________________________________________<\/p>\n<p style=\"text-align: left;\"><span style=\"font-size: 10pt;\"><strong>HARVEST<\/strong>  <\/span><\/p>\n<p style=\"text-align: left;\"><span style=\"font-size: 10pt;\">10 years White<\/span><\/p>\n<p style=\"text-align: left;\">_______________________________________________________________________________________________________________<\/p>\n<p style=\"text-align: left;\"><span style=\"font-size: 10pt;\"><strong>BOTTLE SIZE<\/strong>  <\/span><\/p>\n<p style=\"text-align: left;\"><span style=\"font-size: 10pt;\">375mL<\/span><\/p>\n<p style=\"text-align: left;\">_______________________________________________________________________________________________________________<\/p>\n<p style=\"text-align: left;\"><span style=\"font-size: 10pt;\"><strong>ALCOHOLIC CONTENT<\/strong> <\/span><\/p>\n<p style=\"text-align: left;\"><span style=\"font-size: 10pt;\">20%VOL<\/span><\/p>\n<p style=\"text-align: left;\">_______________________________________________________________________________________________________________<\/p>\n<p style=\"text-align: left;\"><span style=\"font-size: 10pt;\"><strong>WINEMAKING<\/strong> <\/span><\/p>\n<p style=\"text-align: left;\"><span style=\"font-size: 10pt;\">Lu\u00eds Sottomayor<\/span><\/p>\n<p style=\"text-align: left;\">_______________________________________________________________________________________________________________<\/p>\n<p style=\"text-align: left;\"><span style=\"font-size: 10pt;\"><strong>VINIFICATION<\/strong><\/span><\/p>\n<p style=\"text-align: left;\"><span style=\"font-size: 10pt;\">The hand-picked grapes were vinified using the traditional Port method. The controlled fermentation of the musts took place in stainless steel vats and was interrupted by the addition of grape brandy, which gives the wine high sugar and alcohol content.<\/span><\/p>\n<p style=\"text-align: left;\">_______________________________________________________________________________________________________________<\/p>\n<p style=\"text-align: left;\"><span style=\"font-size: 10pt;\"><strong>ALLERGENS<\/strong> <\/span><\/p>\n<p style=\"text-align: left;\"><span style=\"font-size: 10pt;\">Contains sulphites<\/span><\/p>\n<p style=\"text-align: left;\">_______________________________________________________________________________________________________________<\/p>\n<p style=\"text-align: left;\"><span style=\"font-size: 10pt;\"><strong>STORAGE AND SERVING TIPS <\/strong><\/span><\/p>\n<p style=\"text-align: left;\"><span style=\"font-size: 10pt;\">STORAGE: The bottle should be stored upright, avoiding direct light and excessive humidity, ideally at a constant temperature of between 16oC-18oC. SERVING: Porto Ferreira White 10 Years Old is ready to drink and does not benefit from bottle ageing. It does not need to be decanted. Serve between 10oC-12oC. Once opened, Porto Ferreira White 10 Years Old keeps good tasting notes for approximately 2 months.<\/span><\/p>\n<p style=\"text-align: left;\">_______________________________________________________________________________________________________________<\/p>\n<p style=\"text-align: left;\"><span style=\"font-size: 10pt;\"><strong>FOOD PAIRING <\/strong><\/span><\/p>\n<p style=\"text-align: left;\"><span style=\"font-size: 10pt;\">Porto Ferreira White 10 Years Old is delicious as an aperitif, served slightly chilled, but also an excellent accompaniment to various starters, such as foie gras and intense cheeses, or even rich desserts such as cr\u00e8me br\u00fbl\u00e9e.<\/span><\/p>\n","protected":false},"excerpt":{"rendered":"<p><span style=\"font-weight: 400; font-size: 8pt;\">Prices include VAT.<\/span><\/p>\n<p><span style=\"font-size: 12pt;\">Porto Ferreira White 10 Years Old is an amber-yellow wine with beautiful golden reflections. Its intense and complex aroma, with an emphasis on tropical fruits, is harmoniously combined with balsamic and spicy notes from the long ageing in wood. On the palate, Porto Ferreira&#8217;s classic, fresh style is evident, with an extremely rich and long finish.<\/span><\/p>\n<p>&nbsp;<\/p>\n","protected":false},"featured_media":0,"comment_status":"closed","ping_status":"closed","template":"","meta":[],"product_brand":[],"product_cat":[140,156],"product_tag":[155],"class_list":{"0":"post-7993","1":"product","2":"type-product","3":"status-publish","5":"product_cat-douro-wine","6":"product_cat-white","7":"product_tag-white","9":"first","10":"instock","11":"shipping-taxable","12":"purchasable","13":"product-type-simple"},"yoast_head":"<!-- This site is optimized with the Yoast SEO plugin v25.7 - https:\/\/yoast.com\/wordpress\/plugins\/seo\/ -->\n<title>D. ANT\u00d3NIA 10 YEARS OLD WHITE PORT - Sala de Prova<\/title>\n<meta name=\"robots\" content=\"index, follow, max-snippet:-1, max-image-preview:large, max-video-preview:-1\" \/>\n<link rel=\"canonical\" href=\"https:\/\/saladeprova.com\/en\/produto\/d-antonia-10-years-old-white-port\/\" \/>\n<meta property=\"og:locale\" content=\"en_US\" \/>\n<meta property=\"og:type\" content=\"article\" \/>\n<meta property=\"og:title\" content=\"D. ANT\u00d3NIA 10 YEARS OLD WHITE PORT - Sala de Prova\" \/>\n<meta property=\"og:description\" content=\"Prices include VAT. Porto Ferreira White 10 Years Old is an amber-yellow wine with beautiful golden reflections. Its intense and complex aroma, with an emphasis on tropical fruits, is harmoniously combined with balsamic and spicy notes from the long ageing in wood. On the palate, Porto Ferreira&#039;s classic, fresh style is evident, with an extremely rich and long finish. &nbsp;\" \/>\n<meta property=\"og:url\" content=\"https:\/\/saladeprova.com\/en\/produto\/d-antonia-10-years-old-white-port\/\" \/>\n<meta property=\"og:site_name\" content=\"Sala de Prova\" \/>\n<meta property=\"article:publisher\" content=\"https:\/\/www.facebook.com\/people\/Sala-de-Prova\/61559155569950\/?locale=pt_PT\" \/>\n<meta property=\"article:modified_time\" content=\"2025-04-01T11:38:41+00:00\" \/>\n<meta property=\"og:image\" content=\"https:\/\/saladeprova.com\/wp-content\/uploads\/2025\/02\/d_antonia.jpg\" \/>\n\t<meta property=\"og:image:width\" content=\"1000\" \/>\n\t<meta property=\"og:image:height\" content=\"1000\" \/>\n\t<meta property=\"og:image:type\" content=\"image\/jpeg\" \/>\n<meta name=\"twitter:card\" content=\"summary_large_image\" \/>\n<meta name=\"twitter:label1\" content=\"Est. reading time\" \/>\n\t<meta name=\"twitter:data1\" content=\"1 minute\" \/>\n<script type=\"application\/ld+json\" class=\"yoast-schema-graph\">{\"@context\":\"https:\/\/schema.org\",\"@graph\":[{\"@type\":\"WebPage\",\"@id\":\"https:\/\/saladeprova.com\/en\/produto\/d-antonia-10-years-old-white-port\/\",\"url\":\"https:\/\/saladeprova.com\/en\/produto\/d-antonia-10-years-old-white-port\/\",\"name\":\"D. ANT\u00d3NIA 10 YEARS OLD WHITE PORT - Sala de Prova\",\"isPartOf\":{\"@id\":\"https:\/\/saladeprova.com\/en\/#website\"},\"datePublished\":\"2025-01-14T17:27:27+00:00\",\"dateModified\":\"2025-04-01T11:38:41+00:00\",\"breadcrumb\":{\"@id\":\"https:\/\/saladeprova.com\/en\/produto\/d-antonia-10-years-old-white-port\/#breadcrumb\"},\"inLanguage\":\"en-US\",\"potentialAction\":[{\"@type\":\"ReadAction\",\"target\":[\"https:\/\/saladeprova.com\/en\/produto\/d-antonia-10-years-old-white-port\/\"]}]},{\"@type\":\"BreadcrumbList\",\"@id\":\"https:\/\/saladeprova.com\/en\/produto\/d-antonia-10-years-old-white-port\/#breadcrumb\",\"itemListElement\":[{\"@type\":\"ListItem\",\"position\":1,\"name\":\"In\u00edcio\",\"item\":\"https:\/\/saladeprova.com\/en\/\"},{\"@type\":\"ListItem\",\"position\":2,\"name\":\"Shop\",\"item\":\"https:\/\/saladeprova.com\/en\/shop\/\"},{\"@type\":\"ListItem\",\"position\":3,\"name\":\"D. ANT\u00d3NIA 10 YEARS OLD WHITE PORT\"}]},{\"@type\":\"WebSite\",\"@id\":\"https:\/\/saladeprova.com\/en\/#website\",\"url\":\"https:\/\/saladeprova.com\/en\/\",\"name\":\"Sala de Prova\",\"description\":\"Curated Selection of Premium Douro and Porto Wines\",\"publisher\":{\"@id\":\"https:\/\/saladeprova.com\/en\/#organization\"},\"potentialAction\":[{\"@type\":\"SearchAction\",\"target\":{\"@type\":\"EntryPoint\",\"urlTemplate\":\"https:\/\/saladeprova.com\/en\/?s={search_term_string}\"},\"query-input\":{\"@type\":\"PropertyValueSpecification\",\"valueRequired\":true,\"valueName\":\"search_term_string\"}}],\"inLanguage\":\"en-US\"},{\"@type\":\"Organization\",\"@id\":\"https:\/\/saladeprova.com\/en\/#organization\",\"name\":\"Sala de Prova\",\"url\":\"https:\/\/saladeprova.com\/en\/\",\"logo\":{\"@type\":\"ImageObject\",\"inLanguage\":\"en-US\",\"@id\":\"https:\/\/saladeprova.com\/en\/#\/schema\/logo\/image\/\",\"url\":\"https:\/\/saladeprova.com\/wp-content\/uploads\/2024\/04\/sala-p_100-1.svg\",\"contentUrl\":\"https:\/\/saladeprova.com\/wp-content\/uploads\/2024\/04\/sala-p_100-1.svg\",\"width\":1,\"height\":1,\"caption\":\"Sala de Prova\"},\"image\":{\"@id\":\"https:\/\/saladeprova.com\/en\/#\/schema\/logo\/image\/\"},\"sameAs\":[\"https:\/\/www.facebook.com\/people\/Sala-de-Prova\/61559155569950\/?locale=pt_PT\",\"https:\/\/www.instagram.com\/sala_de_prova\/\"]}]}<\/script>\n<!-- \/ Yoast SEO plugin. -->","yoast_head_json":{"title":"D. ANT\u00d3NIA 10 YEARS OLD WHITE PORT - Sala de Prova","robots":{"index":"index","follow":"follow","max-snippet":"max-snippet:-1","max-image-preview":"max-image-preview:large","max-video-preview":"max-video-preview:-1"},"canonical":"https:\/\/saladeprova.com\/en\/produto\/d-antonia-10-years-old-white-port\/","og_locale":"en_US","og_type":"article","og_title":"D. ANT\u00d3NIA 10 YEARS OLD WHITE PORT - Sala de Prova","og_description":"Prices include VAT. Porto Ferreira White 10 Years Old is an amber-yellow wine with beautiful golden reflections. Its intense and complex aroma, with an emphasis on tropical fruits, is harmoniously combined with balsamic and spicy notes from the long ageing in wood. On the palate, Porto Ferreira's classic, fresh style is evident, with an extremely rich and long finish. &nbsp;","og_url":"https:\/\/saladeprova.com\/en\/produto\/d-antonia-10-years-old-white-port\/","og_site_name":"Sala de Prova","article_publisher":"https:\/\/www.facebook.com\/people\/Sala-de-Prova\/61559155569950\/?locale=pt_PT","article_modified_time":"2025-04-01T11:38:41+00:00","og_image":[{"width":1000,"height":1000,"url":"https:\/\/saladeprova.com\/wp-content\/uploads\/2025\/02\/d_antonia.jpg","type":"image\/jpeg"}],"twitter_card":"summary_large_image","twitter_misc":{"Est. reading time":"1 minute"},"schema":{"@context":"https:\/\/schema.org","@graph":[{"@type":"WebPage","@id":"https:\/\/saladeprova.com\/en\/produto\/d-antonia-10-years-old-white-port\/","url":"https:\/\/saladeprova.com\/en\/produto\/d-antonia-10-years-old-white-port\/","name":"D. ANT\u00d3NIA 10 YEARS OLD WHITE PORT - Sala de Prova","isPartOf":{"@id":"https:\/\/saladeprova.com\/en\/#website"},"datePublished":"2025-01-14T17:27:27+00:00","dateModified":"2025-04-01T11:38:41+00:00","breadcrumb":{"@id":"https:\/\/saladeprova.com\/en\/produto\/d-antonia-10-years-old-white-port\/#breadcrumb"},"inLanguage":"en-US","potentialAction":[{"@type":"ReadAction","target":["https:\/\/saladeprova.com\/en\/produto\/d-antonia-10-years-old-white-port\/"]}]},{"@type":"BreadcrumbList","@id":"https:\/\/saladeprova.com\/en\/produto\/d-antonia-10-years-old-white-port\/#breadcrumb","itemListElement":[{"@type":"ListItem","position":1,"name":"In\u00edcio","item":"https:\/\/saladeprova.com\/en\/"},{"@type":"ListItem","position":2,"name":"Shop","item":"https:\/\/saladeprova.com\/en\/shop\/"},{"@type":"ListItem","position":3,"name":"D. ANT\u00d3NIA 10 YEARS OLD WHITE PORT"}]},{"@type":"WebSite","@id":"https:\/\/saladeprova.com\/en\/#website","url":"https:\/\/saladeprova.com\/en\/","name":"Sala de Prova","description":"Curated Selection of Premium Douro and Porto Wines","publisher":{"@id":"https:\/\/saladeprova.com\/en\/#organization"},"potentialAction":[{"@type":"SearchAction","target":{"@type":"EntryPoint","urlTemplate":"https:\/\/saladeprova.com\/en\/?s={search_term_string}"},"query-input":{"@type":"PropertyValueSpecification","valueRequired":true,"valueName":"search_term_string"}}],"inLanguage":"en-US"},{"@type":"Organization","@id":"https:\/\/saladeprova.com\/en\/#organization","name":"Sala de Prova","url":"https:\/\/saladeprova.com\/en\/","logo":{"@type":"ImageObject","inLanguage":"en-US","@id":"https:\/\/saladeprova.com\/en\/#\/schema\/logo\/image\/","url":"https:\/\/saladeprova.com\/wp-content\/uploads\/2024\/04\/sala-p_100-1.svg","contentUrl":"https:\/\/saladeprova.com\/wp-content\/uploads\/2024\/04\/sala-p_100-1.svg","width":1,"height":1,"caption":"Sala de Prova"},"image":{"@id":"https:\/\/saladeprova.com\/en\/#\/schema\/logo\/image\/"},"sameAs":["https:\/\/www.facebook.com\/people\/Sala-de-Prova\/61559155569950\/?locale=pt_PT","https:\/\/www.instagram.com\/sala_de_prova\/"]}]}},"_links":{"self":[{"href":"https:\/\/saladeprova.com\/en\/wp-json\/wp\/v2\/product\/7993","targetHints":{"allow":["GET"]}}],"collection":[{"href":"https:\/\/saladeprova.com\/en\/wp-json\/wp\/v2\/product"}],"about":[{"href":"https:\/\/saladeprova.com\/en\/wp-json\/wp\/v2\/types\/product"}],"replies":[{"embeddable":true,"href":"https:\/\/saladeprova.com\/en\/wp-json\/wp\/v2\/comments?post=7993"}],"wp:attachment":[{"href":"https:\/\/saladeprova.com\/en\/wp-json\/wp\/v2\/media?parent=7993"}],"wp:term":[{"taxonomy":"product_brand","embeddable":true,"href":"https:\/\/saladeprova.com\/en\/wp-json\/wp\/v2\/product_brand?post=7993"},{"taxonomy":"product_cat","embeddable":true,"href":"https:\/\/saladeprova.com\/en\/wp-json\/wp\/v2\/product_cat?post=7993"},{"taxonomy":"product_tag","embeddable":true,"href":"https:\/\/saladeprova.com\/en\/wp-json\/wp\/v2\/product_tag?post=7993"}],"curies":[{"name":"wp","href":"https:\/\/api.w.org\/{rel}","templated":true}]}}