{"id":7260,"date":"2024-04-04T10:22:27","date_gmt":"2024-04-04T10:22:27","guid":{"rendered":"https:\/\/saladeprova.com\/events\/"},"modified":"2024-08-05T10:02:56","modified_gmt":"2024-08-05T10:02:56","slug":"events","status":"publish","type":"page","link":"https:\/\/saladeprova.com\/en\/events\/","title":{"rendered":"Events"},"content":{"rendered":"<section class=\"wpb-content-wrapper\"><p>[vc_row css=&#8221;.vc_custom_1715938047986{margin-top: 50px !important;margin-bottom: 10px !important;}&#8221;][vc_column][vc_row_inner row_content_width=&#8221;grid&#8221;][vc_column_inner offset=&#8221;vc_col-lg-12&#8243; css=&#8221;.vc_custom_1716809046261{padding-right: 3.4% !important;padding-left: 22px !important;}&#8221;][vc_column_text]<\/p>\n<h4>Find out about the several events that we have prepared for you so that you can enjoy Sala de Prova throughout the year<\/h4>\n<p>[\/vc_column_text][\/vc_column_inner][\/vc_row_inner][\/vc_column][\/vc_row][vc_row content_text_alignment=&#8221;center&#8221; css=&#8221;.vc_custom_1715860196077{margin-top: 40px !important;}&#8221;][vc_column][vc_row_inner row_content_width=&#8221;grid&#8221;][vc_column_inner css=&#8221;.vc_custom_1717163427041{padding-right: 3.5% !important;padding-left: 22px !important;}&#8221;][vc_empty_space height=&#8221;30px&#8221;]<div class=\"qodef-shortcode qodef-m  qodef-woo-shortcode qodef-woo-product-list qodef-item-layout--info-below qodef-image-opacity-hover qodef-grid qodef-swiper-container  qodef-gutter--medium qodef-col-num--3 qodef-item-layout--info-below qodef-item-skin--default qodef--no-bottom-space qodef-pagination--off qodef-responsive--predefined\" data-options=\"{&quot;slidesPerView&quot;:&quot;3&quot;,&quot;spaceBetween&quot;:20,&quot;loop&quot;:true,&quot;autoplay&quot;:false,&quot;speed&quot;:&quot;&quot;,&quot;outsideNavigation&quot;:&quot;yes&quot;,&quot;unique&quot;:4041}\">\n\t<div class=\"swiper-wrapper\">\n\t\t<div class=\"qodef-e swiper-slide qodef-item--full product type-product post-7561 status-publish first instock product_cat-experiences has-post-thumbnail virtual purchasable product-type-simple\">\n\t<div class=\"qodef-woo-product-inner\">\n\t\t\t\t\t<div class=\"qodef-woo-product-image\">\n\t\t\t\t\t\t\t\t<img decoding=\"async\" width=\"1000\" height=\"1000\" data-src=\"https:\/\/saladeprova.com\/wp-content\/uploads\/2023\/10\/JAntar-vinico-Wine-Dinner-Chefes-Sobem-a-Torre.jpg\" class=\"attachment-full size-full wp-post-image lazyload\" alt=\"\" data-srcset=\"https:\/\/saladeprova.com\/wp-content\/uploads\/2023\/10\/JAntar-vinico-Wine-Dinner-Chefes-Sobem-a-Torre.jpg 1000w, https:\/\/saladeprova.com\/wp-content\/uploads\/2023\/10\/JAntar-vinico-Wine-Dinner-Chefes-Sobem-a-Torre-300x300.jpg 300w, https:\/\/saladeprova.com\/wp-content\/uploads\/2023\/10\/JAntar-vinico-Wine-Dinner-Chefes-Sobem-a-Torre-150x150.jpg 150w, https:\/\/saladeprova.com\/wp-content\/uploads\/2023\/10\/JAntar-vinico-Wine-Dinner-Chefes-Sobem-a-Torre-768x768.jpg 768w, https:\/\/saladeprova.com\/wp-content\/uploads\/2023\/10\/JAntar-vinico-Wine-Dinner-Chefes-Sobem-a-Torre-650x650.jpg 650w, https:\/\/saladeprova.com\/wp-content\/uploads\/2023\/10\/JAntar-vinico-Wine-Dinner-Chefes-Sobem-a-Torre-600x600.jpg 600w, https:\/\/saladeprova.com\/wp-content\/uploads\/2023\/10\/JAntar-vinico-Wine-Dinner-Chefes-Sobem-a-Torre-100x100.jpg 100w\" data-sizes=\"(max-width: 1000px) 100vw, 1000px\" src=\"data:image\/svg+xml;base64,PHN2ZyB3aWR0aD0iMSIgaGVpZ2h0PSIxIiB4bWxucz0iaHR0cDovL3d3dy53My5vcmcvMjAwMC9zdmciPjwvc3ZnPg==\" style=\"--smush-placeholder-width: 1000px; --smush-placeholder-aspect-ratio: 1000\/1000;\" \/>\t\t\t\t<div class=\"qodef-woo-product-image-inner\">\n\t\t\t\t\t<div class=\"qodef-woo-product-button-holder\">\n\t\t\t\t\t\t<a href=\"?add-to-cart=7561\" aria-describedby=\"woocommerce_loop_add_to_cart_link_describedby_7561\" data-quantity=\"1\" class=\"button product_type_simple add_to_cart_button ajax_add_to_cart\" data-product_id=\"7561\" data-product_sku=\"\" aria-label=\"Add to cart: &ldquo;Chefe Sobem \u00e0 Torre 28th | MAY&rdquo;\" rel=\"nofollow\" data-success_message=\"&ldquo;Chefe Sobem \u00e0 Torre 28th | MAY&rdquo; has been added to your cart\">Add to cart<\/a>\t<span id=\"woocommerce_loop_add_to_cart_link_describedby_7561\" class=\"screen-reader-text\">\n\t\t\t<\/span>\n<a href=\"#\" class=\"button yith-wcqv-button\" data-product_id=\"7561\"><\/a>\t\t\t\t\t<\/div>\n\t\t\t\t<\/div>\n\t\t\t<\/div>\n\t\t\t\t<div class=\"qodef-woo-product-content\">\n\t\t\t\t\t\t<h4 itemprop=\"name\" class=\"qodef-woo-product-title entry-title\" >\n<a itemprop=\"url\" class=\"qodef-woo-product-title-link\" href=\"https:\/\/saladeprova.com\/en\/produto\/chefes-sobem-a-torre-28-may\/\"\n   title=\"Chefe Sobem \u00e0 Torre 28th | MAY\">\n\tChefe Sobem \u00e0 Torre 28th | MAY<\/a>\n<\/h4>\t\t\t\t\t\t\t\t<div class=\"qodef-woo-product-price price\"><span class=\"woocommerce-Price-amount amount\">90,00&nbsp;<span class=\"woocommerce-Price-currencySymbol\">&euro;<\/span><\/span><\/div>\n\t\t\t<\/div>\n\t\t<a href=\"https:\/\/saladeprova.com\/en\/produto\/chefes-sobem-a-torre-28-may\/\" class=\"woocommerce-LoopProduct-link woocommerce-loop-product__link\"><\/a>\t<\/div>\n<\/div><div class=\"qodef-e swiper-slide qodef-item--full product type-product post-7454 status-publish instock product_cat-experiences has-post-thumbnail shipping-taxable purchasable product-type-simple\">\n\t<div class=\"qodef-woo-product-inner\">\n\t\t\t\t\t<div class=\"qodef-woo-product-image\">\n\t\t\t\t\t\t\t\t<img decoding=\"async\" width=\"370\" height=\"295\" data-src=\"https:\/\/saladeprova.com\/wp-content\/uploads\/2024\/07\/Noite-de-fado-dia16.jpg\" class=\"attachment-full size-full wp-post-image lazyload\" alt=\"Noites de Fado\" data-srcset=\"https:\/\/saladeprova.com\/wp-content\/uploads\/2024\/07\/Noite-de-fado-dia16.jpg 370w, https:\/\/saladeprova.com\/wp-content\/uploads\/2024\/07\/Noite-de-fado-dia16-300x239.jpg 300w\" data-sizes=\"(max-width: 370px) 100vw, 370px\" src=\"data:image\/svg+xml;base64,PHN2ZyB3aWR0aD0iMSIgaGVpZ2h0PSIxIiB4bWxucz0iaHR0cDovL3d3dy53My5vcmcvMjAwMC9zdmciPjwvc3ZnPg==\" style=\"--smush-placeholder-width: 370px; --smush-placeholder-aspect-ratio: 370\/295;\" \/>\t\t\t\t<div class=\"qodef-woo-product-image-inner\">\n\t\t\t\t\t<div class=\"qodef-woo-product-button-holder\">\n\t\t\t\t\t\t<a href=\"?add-to-cart=7454\" aria-describedby=\"woocommerce_loop_add_to_cart_link_describedby_7454\" data-quantity=\"1\" class=\"button product_type_simple add_to_cart_button ajax_add_to_cart\" data-product_id=\"7454\" data-product_sku=\"\" aria-label=\"Add to cart: &ldquo;Fado Night at Sala de Prova \u2013 july 16 &amp; 30&rdquo;\" rel=\"nofollow\" data-success_message=\"&ldquo;Fado Night at Sala de Prova \u2013 july 16 &amp; 30&rdquo; has been added to your cart\">Add to cart<\/a>\t<span id=\"woocommerce_loop_add_to_cart_link_describedby_7454\" class=\"screen-reader-text\">\n\t\t\t<\/span>\n<a href=\"#\" class=\"button yith-wcqv-button\" data-product_id=\"7454\"><\/a>\t\t\t\t\t<\/div>\n\t\t\t\t<\/div>\n\t\t\t<\/div>\n\t\t\t\t<div class=\"qodef-woo-product-content\">\n\t\t\t\t\t\t<h4 itemprop=\"name\" class=\"qodef-woo-product-title entry-title\" >\n<a itemprop=\"url\" class=\"qodef-woo-product-title-link\" href=\"https:\/\/saladeprova.com\/en\/produto\/fado-night-at-sala-de-prova-july-16-30\/\"\n   title=\"Fado Night at Sala de Prova \u2013 july 16 &#038; 30\">\n\tFado Night at Sala de Prova \u2013 july 16 &#038; 30<\/a>\n<\/h4>\t\t\t\t\t\t\t\t<div class=\"qodef-woo-product-price price\"><span class=\"woocommerce-Price-amount amount\">35,00&nbsp;<span class=\"woocommerce-Price-currencySymbol\">&euro;<\/span><\/span><\/div>\n\t\t\t<\/div>\n\t\t<a href=\"https:\/\/saladeprova.com\/en\/produto\/fado-night-at-sala-de-prova-july-16-30\/\" class=\"woocommerce-LoopProduct-link woocommerce-loop-product__link\"><\/a>\t<\/div>\n<\/div><div class=\"qodef-e swiper-slide qodef-item--full product type-product post-8270 status-publish last instock product_cat-experiences has-post-thumbnail virtual purchasable product-type-simple\">\n\t<div class=\"qodef-woo-product-inner\">\n\t\t\t\t\t<div class=\"qodef-woo-product-image\">\n\t\t\t\t\t\t\t\t<img decoding=\"async\" width=\"370\" height=\"295\" data-src=\"https:\/\/saladeprova.com\/wp-content\/uploads\/2024\/07\/Noite-de-fado-dia16.jpg\" class=\"attachment-full size-full wp-post-image lazyload\" alt=\"Noites de Fado\" data-srcset=\"https:\/\/saladeprova.com\/wp-content\/uploads\/2024\/07\/Noite-de-fado-dia16.jpg 370w, https:\/\/saladeprova.com\/wp-content\/uploads\/2024\/07\/Noite-de-fado-dia16-300x239.jpg 300w\" data-sizes=\"(max-width: 370px) 100vw, 370px\" src=\"data:image\/svg+xml;base64,PHN2ZyB3aWR0aD0iMSIgaGVpZ2h0PSIxIiB4bWxucz0iaHR0cDovL3d3dy53My5vcmcvMjAwMC9zdmciPjwvc3ZnPg==\" style=\"--smush-placeholder-width: 370px; --smush-placeholder-aspect-ratio: 370\/295;\" \/>\t\t\t\t<div class=\"qodef-woo-product-image-inner\">\n\t\t\t\t\t<div class=\"qodef-woo-product-button-holder\">\n\t\t\t\t\t\t<a href=\"?add-to-cart=8270\" aria-describedby=\"woocommerce_loop_add_to_cart_link_describedby_8270\" data-quantity=\"1\" class=\"button product_type_simple add_to_cart_button ajax_add_to_cart\" data-product_id=\"8270\" data-product_sku=\"\" aria-label=\"Add to cart: &ldquo;Fado Night at Sala de Prova \u2013 july 16 &amp; 30 (C\u00f3pia)&rdquo;\" rel=\"nofollow\" data-success_message=\"&ldquo;Fado Night at Sala de Prova \u2013 july 16 &amp; 30 (C\u00f3pia)&rdquo; has been added to your cart\">Add to cart<\/a>\t<span id=\"woocommerce_loop_add_to_cart_link_describedby_8270\" class=\"screen-reader-text\">\n\t\t\t<\/span>\n<a href=\"#\" class=\"button yith-wcqv-button\" data-product_id=\"8270\"><\/a>\t\t\t\t\t<\/div>\n\t\t\t\t<\/div>\n\t\t\t<\/div>\n\t\t\t\t<div class=\"qodef-woo-product-content\">\n\t\t\t\t\t\t<h4 itemprop=\"name\" class=\"qodef-woo-product-title entry-title\" >\n<a itemprop=\"url\" class=\"qodef-woo-product-title-link\" href=\"https:\/\/saladeprova.com\/en\/produto\/fado-night-at-sala-de-prova-july-16-30-copia\/\"\n   title=\"Fado Night at Sala de Prova \u2013 july 16 &#038; 30 (C\u00f3pia)\">\n\tFado Night at Sala de Prova \u2013 july 16 &#038; 30 (C\u00f3pia)<\/a>\n<\/h4>\t\t\t\t\t\t\t\t<div class=\"qodef-woo-product-price price\"><span class=\"woocommerce-Price-amount amount\">55,00&nbsp;<span class=\"woocommerce-Price-currencySymbol\">&euro;<\/span><\/span><\/div>\n\t\t\t<\/div>\n\t\t<a href=\"https:\/\/saladeprova.com\/en\/produto\/fado-night-at-sala-de-prova-july-16-30-copia\/\" class=\"woocommerce-LoopProduct-link woocommerce-loop-product__link\"><\/a>\t<\/div>\n<\/div><div class=\"qodef-e swiper-slide qodef-item--full product type-product post-8294 status-publish first instock product_cat-experiences product_cat-tasting has-post-thumbnail shipping-taxable purchasable product-type-simple\">\n\t<div class=\"qodef-woo-product-inner\">\n\t\t\t\t\t<div class=\"qodef-woo-product-image\">\n\t\t\t\t\t\t\t\t<img decoding=\"async\" width=\"1988\" height=\"1298\" data-src=\"https:\/\/saladeprova.com\/wp-content\/uploads\/2025\/11\/voucher50.png\" class=\"attachment-full size-full wp-post-image lazyload\" alt=\"\" data-srcset=\"https:\/\/saladeprova.com\/wp-content\/uploads\/2025\/11\/voucher50.png 1988w, https:\/\/saladeprova.com\/wp-content\/uploads\/2025\/11\/voucher50-300x196.png 300w, https:\/\/saladeprova.com\/wp-content\/uploads\/2025\/11\/voucher50-1024x669.png 1024w, https:\/\/saladeprova.com\/wp-content\/uploads\/2025\/11\/voucher50-768x501.png 768w, https:\/\/saladeprova.com\/wp-content\/uploads\/2025\/11\/voucher50-1536x1003.png 1536w, https:\/\/saladeprova.com\/wp-content\/uploads\/2025\/11\/voucher50-600x392.png 600w\" data-sizes=\"(max-width: 1988px) 100vw, 1988px\" src=\"data:image\/svg+xml;base64,PHN2ZyB3aWR0aD0iMSIgaGVpZ2h0PSIxIiB4bWxucz0iaHR0cDovL3d3dy53My5vcmcvMjAwMC9zdmciPjwvc3ZnPg==\" style=\"--smush-placeholder-width: 1988px; --smush-placeholder-aspect-ratio: 1988\/1298;\" \/>\t\t\t\t<div class=\"qodef-woo-product-image-inner\">\n\t\t\t\t\t<div class=\"qodef-woo-product-button-holder\">\n\t\t\t\t\t\t<a href=\"?add-to-cart=8294\" aria-describedby=\"woocommerce_loop_add_to_cart_link_describedby_8294\" data-quantity=\"1\" class=\"button product_type_simple add_to_cart_button ajax_add_to_cart\" data-product_id=\"8294\" data-product_sku=\"\" aria-label=\"Add to cart: &ldquo;Fado Night at Sala de Prova \u2013 july 16 &amp; 30 (C\u00f3pia) (C\u00f3pia)&rdquo;\" rel=\"nofollow\" data-success_message=\"&ldquo;Fado Night at Sala de Prova \u2013 july 16 &amp; 30 (C\u00f3pia) (C\u00f3pia)&rdquo; has been added to your cart\">Add to cart<\/a>\t<span id=\"woocommerce_loop_add_to_cart_link_describedby_8294\" class=\"screen-reader-text\">\n\t\t\t<\/span>\n<a href=\"#\" class=\"button yith-wcqv-button\" data-product_id=\"8294\"><\/a>\t\t\t\t\t<\/div>\n\t\t\t\t<\/div>\n\t\t\t<\/div>\n\t\t\t\t<div class=\"qodef-woo-product-content\">\n\t\t\t\t\t\t<h4 itemprop=\"name\" class=\"qodef-woo-product-title entry-title\" >\n<a itemprop=\"url\" class=\"qodef-woo-product-title-link\" href=\"https:\/\/saladeprova.com\/en\/produto\/fado-night-at-sala-de-prova-july-16-30-copia-copia\/\"\n   title=\"Fado Night at Sala de Prova \u2013 july 16 &#038; 30 (C\u00f3pia) (C\u00f3pia)\">\n\tFado Night at Sala de Prova \u2013 july 16 &#038; 30 (C\u00f3pia) (C\u00f3pia)<\/a>\n<\/h4>\t\t\t\t\t\t\t\t<div class=\"qodef-woo-product-price price\"><span class=\"woocommerce-Price-amount amount\">50,00&nbsp;<span class=\"woocommerce-Price-currencySymbol\">&euro;<\/span><\/span><\/div>\n\t\t\t<\/div>\n\t\t<a href=\"https:\/\/saladeprova.com\/en\/produto\/fado-night-at-sala-de-prova-july-16-30-copia-copia\/\" class=\"woocommerce-LoopProduct-link woocommerce-loop-product__link\"><\/a>\t<\/div>\n<\/div><div class=\"qodef-e swiper-slide qodef-item--full product type-product post-8298 status-publish instock product_cat-experiences product_cat-tasting has-post-thumbnail shipping-taxable purchasable product-type-simple\">\n\t<div class=\"qodef-woo-product-inner\">\n\t\t\t\t\t<div class=\"qodef-woo-product-image\">\n\t\t\t\t\t\t\t\t<img decoding=\"async\" width=\"1998\" height=\"1288\" data-src=\"https:\/\/saladeprova.com\/wp-content\/uploads\/2025\/11\/oucher95.png\" class=\"attachment-full size-full wp-post-image lazyload\" alt=\"\" data-srcset=\"https:\/\/saladeprova.com\/wp-content\/uploads\/2025\/11\/oucher95.png 1998w, https:\/\/saladeprova.com\/wp-content\/uploads\/2025\/11\/oucher95-300x193.png 300w, https:\/\/saladeprova.com\/wp-content\/uploads\/2025\/11\/oucher95-1024x660.png 1024w, https:\/\/saladeprova.com\/wp-content\/uploads\/2025\/11\/oucher95-768x495.png 768w, https:\/\/saladeprova.com\/wp-content\/uploads\/2025\/11\/oucher95-1536x990.png 1536w, https:\/\/saladeprova.com\/wp-content\/uploads\/2025\/11\/oucher95-600x387.png 600w\" data-sizes=\"(max-width: 1998px) 100vw, 1998px\" src=\"data:image\/svg+xml;base64,PHN2ZyB3aWR0aD0iMSIgaGVpZ2h0PSIxIiB4bWxucz0iaHR0cDovL3d3dy53My5vcmcvMjAwMC9zdmciPjwvc3ZnPg==\" style=\"--smush-placeholder-width: 1998px; --smush-placeholder-aspect-ratio: 1998\/1288;\" \/>\t\t\t\t<div class=\"qodef-woo-product-image-inner\">\n\t\t\t\t\t<div class=\"qodef-woo-product-button-holder\">\n\t\t\t\t\t\t<a href=\"?add-to-cart=8298\" aria-describedby=\"woocommerce_loop_add_to_cart_link_describedby_8298\" data-quantity=\"1\" class=\"button product_type_simple add_to_cart_button ajax_add_to_cart\" data-product_id=\"8298\" data-product_sku=\"\" aria-label=\"Add to cart: &ldquo;Fado Night at Sala de Prova \u2013 july 16 &amp; 30 (C\u00f3pia) (C\u00f3pia) (C\u00f3pia)&rdquo;\" rel=\"nofollow\" data-success_message=\"&ldquo;Fado Night at Sala de Prova \u2013 july 16 &amp; 30 (C\u00f3pia) (C\u00f3pia) (C\u00f3pia)&rdquo; has been added to your cart\">Add to cart<\/a>\t<span id=\"woocommerce_loop_add_to_cart_link_describedby_8298\" class=\"screen-reader-text\">\n\t\t\t<\/span>\n<a href=\"#\" class=\"button yith-wcqv-button\" data-product_id=\"8298\"><\/a>\t\t\t\t\t<\/div>\n\t\t\t\t<\/div>\n\t\t\t<\/div>\n\t\t\t\t<div class=\"qodef-woo-product-content\">\n\t\t\t\t\t\t<h4 itemprop=\"name\" class=\"qodef-woo-product-title entry-title\" >\n<a itemprop=\"url\" class=\"qodef-woo-product-title-link\" href=\"https:\/\/saladeprova.com\/en\/produto\/fado-night-at-sala-de-prova-july-16-30-copia-copia-copia\/\"\n   title=\"Fado Night at Sala de Prova \u2013 july 16 &#038; 30 (C\u00f3pia) (C\u00f3pia) (C\u00f3pia)\">\n\tFado Night at Sala de Prova \u2013 july 16 &#038; 30 (C\u00f3pia) (C\u00f3pia) (C\u00f3pia)<\/a>\n<\/h4>\t\t\t\t\t\t\t\t<div class=\"qodef-woo-product-price price\"><span class=\"woocommerce-Price-amount amount\">95,00&nbsp;<span class=\"woocommerce-Price-currencySymbol\">&euro;<\/span><\/span><\/div>\n\t\t\t<\/div>\n\t\t<a href=\"https:\/\/saladeprova.com\/en\/produto\/fado-night-at-sala-de-prova-july-16-30-copia-copia-copia\/\" class=\"woocommerce-LoopProduct-link woocommerce-loop-product__link\"><\/a>\t<\/div>\n<\/div>\t<\/div>\n\t\t\t<div class=\"swiper-pagination\"><\/div>\n\t<\/div>\n\t<div class=\"swiper-button-next swiper-button-outside swiper-button-next-4041\"><\/div>\n\t<div class=\"swiper-button-prev swiper-button-outside swiper-button-prev-4041\"><\/div>\n[\/vc_column_inner][\/vc_row_inner][\/vc_column][\/vc_row]<\/p>\n<\/section>","protected":false},"excerpt":{"rendered":"<p>[vc_row css=&#8221;.vc_custom_1715938047986{margin-top: 50px !important;margin-bottom: 10px !important;}&#8221;][vc_column][vc_row_inner row_content_width=&#8221;grid&#8221;][vc_column_inner offset=&#8221;vc_col-lg-12&#8243; css=&#8221;.vc_custom_1716809046261{padding-right: 3.4% !important;padding-left: 22px !important;}&#8221;][vc_column_text] Find out about the several events that we have prepared for you so that you can enjoy Sala de Prova throughout the year [\/vc_column_text][\/vc_column_inner][\/vc_row_inner][\/vc_column][\/vc_row][vc_row content_text_alignment=&#8221;center&#8221; css=&#8221;.vc_custom_1715860196077{margin-top: 40px !important;}&#8221;][vc_column][vc_row_inner row_content_width=&#8221;grid&#8221;][vc_column_inner css=&#8221;.vc_custom_1717163427041{padding-right: 3.5% !important;padding-left: 22px !important;}&#8221;][vc_empty_space height=&#8221;30px&#8221;][\/vc_column_inner][\/vc_row_inner][\/vc_column][\/vc_row]<\/p>\n","protected":false},"author":1,"featured_media":0,"parent":0,"menu_order":0,"comment_status":"closed","ping_status":"closed","template":"page-full-width.php","meta":{"footnotes":""},"class_list":["post-7260","page","type-page","status-publish","hentry"],"yoast_head":"<!-- This site is optimized with the Yoast SEO plugin v25.7 - https:\/\/yoast.com\/wordpress\/plugins\/seo\/ -->\n<title>Events - Sala de Prova<\/title>\n<meta name=\"robots\" content=\"index, follow, max-snippet:-1, max-image-preview:large, max-video-preview:-1\" \/>\n<link rel=\"canonical\" href=\"https:\/\/saladeprova.com\/en\/events\/\" \/>\n<meta property=\"og:locale\" content=\"en_US\" \/>\n<meta property=\"og:type\" content=\"article\" \/>\n<meta property=\"og:title\" content=\"Events - Sala de Prova\" \/>\n<meta property=\"og:description\" content=\"[vc_row css=&#8221;.vc_custom_1715938047986{margin-top: 50px !important;margin-bottom: 10px !important;}&#8221;][vc_column][vc_row_inner row_content_width=&#8221;grid&#8221;][vc_column_inner offset=&#8221;vc_col-lg-12&#8243; css=&#8221;.vc_custom_1716809046261{padding-right: 3.4% !important;padding-left: 22px !important;}&#8221;][vc_column_text] Find out about the several events that we have prepared for you so that you can enjoy Sala de Prova throughout the year [\/vc_column_text][\/vc_column_inner][\/vc_row_inner][\/vc_column][\/vc_row][vc_row content_text_alignment=&#8221;center&#8221; css=&#8221;.vc_custom_1715860196077{margin-top: 40px !important;}&#8221;][vc_column][vc_row_inner row_content_width=&#8221;grid&#8221;][vc_column_inner css=&#8221;.vc_custom_1717163427041{padding-right: 3.5% !important;padding-left: 22px !important;}&#8221;][vc_empty_space height=&#8221;30px&#8221;][\/vc_column_inner][\/vc_row_inner][\/vc_column][\/vc_row]\" \/>\n<meta property=\"og:url\" content=\"https:\/\/saladeprova.com\/en\/events\/\" \/>\n<meta property=\"og:site_name\" content=\"Sala de Prova\" \/>\n<meta property=\"article:publisher\" content=\"https:\/\/www.facebook.com\/people\/Sala-de-Prova\/61559155569950\/?locale=pt_PT\" \/>\n<meta property=\"article:modified_time\" content=\"2024-08-05T10:02:56+00:00\" \/>\n<meta name=\"twitter:card\" content=\"summary_large_image\" \/>\n<meta name=\"twitter:label1\" content=\"Est. reading time\" \/>\n\t<meta name=\"twitter:data1\" content=\"1 minute\" \/>\n<script type=\"application\/ld+json\" class=\"yoast-schema-graph\">{\"@context\":\"https:\/\/schema.org\",\"@graph\":[{\"@type\":\"WebPage\",\"@id\":\"https:\/\/saladeprova.com\/en\/events\/\",\"url\":\"https:\/\/saladeprova.com\/en\/events\/\",\"name\":\"Events - Sala de Prova\",\"isPartOf\":{\"@id\":\"https:\/\/saladeprova.com\/en\/#website\"},\"datePublished\":\"2024-04-04T10:22:27+00:00\",\"dateModified\":\"2024-08-05T10:02:56+00:00\",\"breadcrumb\":{\"@id\":\"https:\/\/saladeprova.com\/en\/events\/#breadcrumb\"},\"inLanguage\":\"en-US\",\"potentialAction\":[{\"@type\":\"ReadAction\",\"target\":[\"https:\/\/saladeprova.com\/en\/events\/\"]}]},{\"@type\":\"BreadcrumbList\",\"@id\":\"https:\/\/saladeprova.com\/en\/events\/#breadcrumb\",\"itemListElement\":[{\"@type\":\"ListItem\",\"position\":1,\"name\":\"In\u00edcio\",\"item\":\"https:\/\/saladeprova.com\/en\/\"},{\"@type\":\"ListItem\",\"position\":2,\"name\":\"Events\"}]},{\"@type\":\"WebSite\",\"@id\":\"https:\/\/saladeprova.com\/en\/#website\",\"url\":\"https:\/\/saladeprova.com\/en\/\",\"name\":\"Sala de Prova\",\"description\":\"Curated Selection of Premium Douro and Porto Wines\",\"publisher\":{\"@id\":\"https:\/\/saladeprova.com\/en\/#organization\"},\"potentialAction\":[{\"@type\":\"SearchAction\",\"target\":{\"@type\":\"EntryPoint\",\"urlTemplate\":\"https:\/\/saladeprova.com\/en\/?s={search_term_string}\"},\"query-input\":{\"@type\":\"PropertyValueSpecification\",\"valueRequired\":true,\"valueName\":\"search_term_string\"}}],\"inLanguage\":\"en-US\"},{\"@type\":\"Organization\",\"@id\":\"https:\/\/saladeprova.com\/en\/#organization\",\"name\":\"Sala de Prova\",\"url\":\"https:\/\/saladeprova.com\/en\/\",\"logo\":{\"@type\":\"ImageObject\",\"inLanguage\":\"en-US\",\"@id\":\"https:\/\/saladeprova.com\/en\/#\/schema\/logo\/image\/\",\"url\":\"https:\/\/saladeprova.com\/wp-content\/uploads\/2024\/04\/sala-p_100-1.svg\",\"contentUrl\":\"https:\/\/saladeprova.com\/wp-content\/uploads\/2024\/04\/sala-p_100-1.svg\",\"width\":1,\"height\":1,\"caption\":\"Sala de Prova\"},\"image\":{\"@id\":\"https:\/\/saladeprova.com\/en\/#\/schema\/logo\/image\/\"},\"sameAs\":[\"https:\/\/www.facebook.com\/people\/Sala-de-Prova\/61559155569950\/?locale=pt_PT\",\"https:\/\/www.instagram.com\/sala_de_prova\/\"]}]}<\/script>\n<!-- \/ Yoast SEO plugin. -->","yoast_head_json":{"title":"Events - Sala de Prova","robots":{"index":"index","follow":"follow","max-snippet":"max-snippet:-1","max-image-preview":"max-image-preview:large","max-video-preview":"max-video-preview:-1"},"canonical":"https:\/\/saladeprova.com\/en\/events\/","og_locale":"en_US","og_type":"article","og_title":"Events - Sala de Prova","og_description":"[vc_row css=&#8221;.vc_custom_1715938047986{margin-top: 50px !important;margin-bottom: 10px !important;}&#8221;][vc_column][vc_row_inner row_content_width=&#8221;grid&#8221;][vc_column_inner offset=&#8221;vc_col-lg-12&#8243; css=&#8221;.vc_custom_1716809046261{padding-right: 3.4% !important;padding-left: 22px !important;}&#8221;][vc_column_text] Find out about the several events that we have prepared for you so that you can enjoy Sala de Prova throughout the year [\/vc_column_text][\/vc_column_inner][\/vc_row_inner][\/vc_column][\/vc_row][vc_row content_text_alignment=&#8221;center&#8221; css=&#8221;.vc_custom_1715860196077{margin-top: 40px !important;}&#8221;][vc_column][vc_row_inner row_content_width=&#8221;grid&#8221;][vc_column_inner css=&#8221;.vc_custom_1717163427041{padding-right: 3.5% !important;padding-left: 22px !important;}&#8221;][vc_empty_space height=&#8221;30px&#8221;][\/vc_column_inner][\/vc_row_inner][\/vc_column][\/vc_row]","og_url":"https:\/\/saladeprova.com\/en\/events\/","og_site_name":"Sala de Prova","article_publisher":"https:\/\/www.facebook.com\/people\/Sala-de-Prova\/61559155569950\/?locale=pt_PT","article_modified_time":"2024-08-05T10:02:56+00:00","twitter_card":"summary_large_image","twitter_misc":{"Est. reading time":"1 minute"},"schema":{"@context":"https:\/\/schema.org","@graph":[{"@type":"WebPage","@id":"https:\/\/saladeprova.com\/en\/events\/","url":"https:\/\/saladeprova.com\/en\/events\/","name":"Events - Sala de Prova","isPartOf":{"@id":"https:\/\/saladeprova.com\/en\/#website"},"datePublished":"2024-04-04T10:22:27+00:00","dateModified":"2024-08-05T10:02:56+00:00","breadcrumb":{"@id":"https:\/\/saladeprova.com\/en\/events\/#breadcrumb"},"inLanguage":"en-US","potentialAction":[{"@type":"ReadAction","target":["https:\/\/saladeprova.com\/en\/events\/"]}]},{"@type":"BreadcrumbList","@id":"https:\/\/saladeprova.com\/en\/events\/#breadcrumb","itemListElement":[{"@type":"ListItem","position":1,"name":"In\u00edcio","item":"https:\/\/saladeprova.com\/en\/"},{"@type":"ListItem","position":2,"name":"Events"}]},{"@type":"WebSite","@id":"https:\/\/saladeprova.com\/en\/#website","url":"https:\/\/saladeprova.com\/en\/","name":"Sala de Prova","description":"Curated Selection of Premium Douro and Porto Wines","publisher":{"@id":"https:\/\/saladeprova.com\/en\/#organization"},"potentialAction":[{"@type":"SearchAction","target":{"@type":"EntryPoint","urlTemplate":"https:\/\/saladeprova.com\/en\/?s={search_term_string}"},"query-input":{"@type":"PropertyValueSpecification","valueRequired":true,"valueName":"search_term_string"}}],"inLanguage":"en-US"},{"@type":"Organization","@id":"https:\/\/saladeprova.com\/en\/#organization","name":"Sala de Prova","url":"https:\/\/saladeprova.com\/en\/","logo":{"@type":"ImageObject","inLanguage":"en-US","@id":"https:\/\/saladeprova.com\/en\/#\/schema\/logo\/image\/","url":"https:\/\/saladeprova.com\/wp-content\/uploads\/2024\/04\/sala-p_100-1.svg","contentUrl":"https:\/\/saladeprova.com\/wp-content\/uploads\/2024\/04\/sala-p_100-1.svg","width":1,"height":1,"caption":"Sala de Prova"},"image":{"@id":"https:\/\/saladeprova.com\/en\/#\/schema\/logo\/image\/"},"sameAs":["https:\/\/www.facebook.com\/people\/Sala-de-Prova\/61559155569950\/?locale=pt_PT","https:\/\/www.instagram.com\/sala_de_prova\/"]}]}},"_links":{"self":[{"href":"https:\/\/saladeprova.com\/en\/wp-json\/wp\/v2\/pages\/7260","targetHints":{"allow":["GET"]}}],"collection":[{"href":"https:\/\/saladeprova.com\/en\/wp-json\/wp\/v2\/pages"}],"about":[{"href":"https:\/\/saladeprova.com\/en\/wp-json\/wp\/v2\/types\/page"}],"author":[{"embeddable":true,"href":"https:\/\/saladeprova.com\/en\/wp-json\/wp\/v2\/users\/1"}],"replies":[{"embeddable":true,"href":"https:\/\/saladeprova.com\/en\/wp-json\/wp\/v2\/comments?post=7260"}],"version-history":[{"count":9,"href":"https:\/\/saladeprova.com\/en\/wp-json\/wp\/v2\/pages\/7260\/revisions"}],"predecessor-version":[{"id":7511,"href":"https:\/\/saladeprova.com\/en\/wp-json\/wp\/v2\/pages\/7260\/revisions\/7511"}],"wp:attachment":[{"href":"https:\/\/saladeprova.com\/en\/wp-json\/wp\/v2\/media?parent=7260"}],"curies":[{"name":"wp","href":"https:\/\/api.w.org\/{rel}","templated":true}]}}